{"id":2506,"date":"2021-05-16T00:35:26","date_gmt":"2021-05-16T03:35:26","guid":{"rendered":"https:\/\/museuafrobrasileiro.com.br\/?page_id=2506"},"modified":"2021-06-02T14:57:23","modified_gmt":"2021-06-02T17:57:23","slug":"afrotografia","status":"publish","type":"page","link":"https:\/\/museuafrobrasileiro.com.br\/index.php\/afrotografia\/","title":{"rendered":"Afrotografia"},"content":{"rendered":"<p>[vc_row disable_element=&#8221;yes&#8221; motts_theme_padding=&#8221;no&#8221;][vc_column][ts_hero_slider hero_slider=&#8221;1942&#8243;][\/vc_column][\/vc_row][vc_row motts_theme_padding=&#8221;no&#8221;][vc_column]\n\t\t\t<!-- START Slider 1 REVOLUTION SLIDER 6.2.23 --><p class=\"rs-p-wp-fix\"><\/p>\n\t\t\t<rs-module-wrap id=\"rev_slider_1_1_wrapper\" data-source=\"gallery\" style=\"background:transparent;padding:0;margin:0px auto;margin-top:0;margin-bottom:0;\">\n\t\t\t\t<rs-module id=\"rev_slider_1_1\" style=\"\" data-version=\"6.2.23\">\n\t\t\t\t\t<rs-slides>\n\t\t\t\t\t\t<rs-slide data-key=\"rs-1\" data-title=\"Slide\" data-anim=\"ei:d;eo:d;s:1000;r:0;t:fade;sl:0;\">\n\t\t\t\t\t\t\t<img decoding=\"async\" src=\"\/\/museuafrobrasileiro.com.br\/wp-content\/plugins\/revslider\/public\/assets\/assets\/transparent.png\" alt=\"Slide\" title=\"Afrotografia\" data-bg=\"c:#000000;\" class=\"rev-slidebg\" data-no-retina>\n<!--\n\t\t\t\t\t\t\t--><rs-layer\n\t\t\t\t\t\t\t\tid=\"slider-1-slide-1-layer-0\" \n\t\t\t\t\t\t\t\tdata-type=\"text\"\n\t\t\t\t\t\t\t\tdata-rsp_ch=\"on\"\n\t\t\t\t\t\t\t\tdata-xy=\"xo:292px,292px,292px,23px;yo:176px,176px,176px,312px;\"\n\t\t\t\t\t\t\t\tdata-text=\"w:normal;s:85,85,85,55;l:106,106,106,69;\"\n\t\t\t\t\t\t\t\tdata-dim=\"w:auto,auto,auto,431px;\"\n\t\t\t\t\t\t\t\tdata-frame_999=\"o:0;st:w;\"\n\t\t\t\t\t\t\t\tstyle=\"z-index:5;font-family:Roboto;\"\n\t\t\t\t\t\t\t>#AFROTOGRAFIA \n\t\t\t\t\t\t\t<\/rs-layer><!--\n-->\t\t\t\t\t\t<\/rs-slide>\n\t\t\t\t\t<\/rs-slides>\n\t\t\t\t<\/rs-module>\n\t\t\t\t<script type=\"text\/javascript\">\n\t\t\t\t\tsetREVStartSize({c: 'rev_slider_1_1',rl:[1240,1240,1240,480],el:[450,450,450,720],gw:[1240,1240,1240,480],gh:[450,450,450,720],type:'standard',justify:'',layout:'fullwidth',mh:\"0\"});\n\t\t\t\t\tvar\trevapi1,\n\t\t\t\t\t\ttpj;\n\t\t\t\t\tfunction revinit_revslider11() {\n\t\t\t\t\tjQuery(function() {\n\t\t\t\t\t\ttpj = jQuery;\n\t\t\t\t\t\trevapi1 = tpj(\"#rev_slider_1_1\");\n\t\t\t\t\t\tif(revapi1==undefined || revapi1.revolution == undefined){\n\t\t\t\t\t\t\trevslider_showDoubleJqueryError(\"rev_slider_1_1\");\n\t\t\t\t\t\t}else{\n\t\t\t\t\t\t\trevapi1.revolution({\n\t\t\t\t\t\t\t\tsliderLayout:\"fullwidth\",\n\t\t\t\t\t\t\t\tvisibilityLevels:\"1240,1240,1240,480\",\n\t\t\t\t\t\t\t\tgridwidth:\"1240,1240,1240,480\",\n\t\t\t\t\t\t\t\tgridheight:\"450,450,450,720\",\n\t\t\t\t\t\t\t\tspinner:\"spinner0\",\n\t\t\t\t\t\t\t\tperspective:600,\n\t\t\t\t\t\t\t\tperspectiveType:\"global\",\n\t\t\t\t\t\t\t\teditorheight:\"450,768,960,720\",\n\t\t\t\t\t\t\t\tresponsiveLevels:\"1240,1240,1240,480\",\n\t\t\t\t\t\t\t\tprogressBar:{disableProgressBar:true},\n\t\t\t\t\t\t\t\tnavigation: {\n\t\t\t\t\t\t\t\t\tonHoverStop:false\n\t\t\t\t\t\t\t\t},\n\t\t\t\t\t\t\t\tfallbacks: {\n\t\t\t\t\t\t\t\t\tallowHTML5AutoPlayOnAndroid:true\n\t\t\t\t\t\t\t\t},\n\t\t\t\t\t\t\t});\n\t\t\t\t\t\t}\n\t\t\t\t\t\t\n\t\t\t\t\t});\n\t\t\t\t\t} \/\/ End of RevInitScript\n\t\t\t\tvar once_revslider11 = false;\n\t\t\t\tif (document.readyState === \"loading\") {document.addEventListener('readystatechange',function() { if((document.readyState === \"interactive\" || document.readyState === \"complete\") && !once_revslider11 ) { once_revslider11 = true; revinit_revslider11();}});} else {once_revslider11 = true; revinit_revslider11();}\n\t\t\t\t<\/script>\n\t\t\t<\/rs-module-wrap>\n\t\t\t<!-- END REVOLUTION SLIDER -->\n[\/vc_column][\/vc_row][vc_row full_width=&#8221;stretch_row_content&#8221; anchor_wrap_section=&#8221;no&#8221; use_container=&#8221;yes&#8221; use_predefined_class=&#8221;yes&#8221; el_id=&#8221;2afrotografia&#8221;][vc_column][vc_empty_space height=&#8221;72px&#8221;][ts_section_title animate_block=&#8221;yes&#8221; animation_type=&#8221;fadeIn&#8221; tagline=&#8221;EXPOSI\u00c7\u00c3O EM CARTAZ&#8221; title=&#8221;#AFROTOGRAFIA&#8221; background_title=&#8221;AFRO&#8221;]<div class=\"gg_pre_gallery gg_gall_has_filter\" data-gid=\"6a05f3b2e9c22\">        <div class=\"gg_tags_wrap gg_tag_gid_2957 gg_btn_filters\" data-gid=\"6a05f3b2e9c22\">            <div class=\"gg_tag gg_tag_sel\"  data-tag=\"*\">Todos<\/div><div class=\"gg_tag \" data-gid=\"6a05f3b2e9c22\" data-tag=\"Alex+Igb%C3%B3\" data-images=\"65,66,67,68,69,70,71\">Alex Igb\u00f3<\/div><div class=\"gg_tag \" data-gid=\"6a05f3b2e9c22\" data-tag=\"Bruna+Emanuele\" data-images=\"7,8,9,10,11,12\">Bruna Emanuele<\/div><div class=\"gg_tag \" data-gid=\"6a05f3b2e9c22\" data-tag=\"Dodias+An\" data-images=\"59,60,61,62\">Dodias An<\/div><div class=\"gg_tag \" data-gid=\"6a05f3b2e9c22\" data-tag=\"Ere+Jasiri\" data-images=\"56,57,58\">Ere Jasiri<\/div><div class=\"gg_tag \" data-gid=\"6a05f3b2e9c22\" data-tag=\"Jadson+Lima\" data-images=\"55\">Jadson Lima<\/div><div class=\"gg_tag \" data-gid=\"6a05f3b2e9c22\" data-tag=\"Lauro+Jos%C3%A9+Cardoso\" data-images=\"0,1,54\">Lauro Jos\u00e9 Cardoso<\/div><div class=\"gg_tag \" data-gid=\"6a05f3b2e9c22\" data-tag=\"Lucas+Cordeiro\" data-images=\"51,52,53\">Lucas Cordeiro<\/div><div class=\"gg_tag \" data-gid=\"6a05f3b2e9c22\" data-tag=\"Marcelo+Reis\" data-images=\"48,49,50\">Marcelo Reis<\/div><div class=\"gg_tag \" data-gid=\"6a05f3b2e9c22\" data-tag=\"Marcus+P.+Soco\" data-images=\"36,39,40,41,42,43,44,45,46,47\">Marcus P. Soco<\/div><div class=\"gg_tag \" data-gid=\"6a05f3b2e9c22\" data-tag=\"Marina+Alfaya\" data-images=\"33,34,35,37,38\">Marina Alfaya<\/div><div class=\"gg_tag \" data-gid=\"6a05f3b2e9c22\" data-tag=\"OrganiCIDADE\" data-images=\"32\">OrganiCIDADE<\/div><div class=\"gg_tag \" data-gid=\"6a05f3b2e9c22\" data-tag=\"Rai+Cavalhier\" data-images=\"2,3,4,5,6\">Rai Cavalhier<\/div><div class=\"gg_tag \" data-gid=\"6a05f3b2e9c22\" data-tag=\"Raquel+Bacelar\" data-images=\"27,28,29,30,31\">Raquel Bacelar<\/div><div class=\"gg_tag \" data-gid=\"6a05f3b2e9c22\" data-tag=\"Roberjan+Magalh%C3%A3es\" data-images=\"25,26\">Roberjan Magalh\u00e3es<\/div><div class=\"gg_tag \" data-gid=\"6a05f3b2e9c22\" data-tag=\"Thayn%C3%A1+Cambar%C3%A1\" data-images=\"20,21,22,23,24\">Thayn\u00e1 Cambar\u00e1<\/div><div class=\"gg_tag \" data-gid=\"6a05f3b2e9c22\" data-tag=\"Ulisses+Lima\" data-images=\"17,18,19\">Ulisses Lima<\/div><div class=\"gg_tag \" data-gid=\"6a05f3b2e9c22\" data-tag=\"Vin%C3%ADcius+Souza\" data-images=\"13,14,15,16\">Vin\u00edcius Souza<\/div>                <label for=\"gg_tags\" class=\"gg_displaynone\">tags<\/label>                <select name=\"gg_tags\" class=\"gg_mobile_filter_dd gg_tags_dd\" autocomplete=\"off\">                    <option value=\"*\">Todos<\/option><option value=\"alex-igbo\">Alex Igb\u00f3<\/option><option value=\"bruna-emanuele\">Bruna Emanuele<\/option><option value=\"dodias-an\">Dodias An<\/option><option value=\"ere-jasiri\">Ere Jasiri<\/option><option value=\"jadson-lima\">Jadson Lima<\/option><option value=\"lauro-jose-cardoso\">Lauro Jos\u00e9 Cardoso<\/option><option value=\"lucas-cordeiro\">Lucas Cordeiro<\/option><option value=\"marcelo-reis\">Marcelo Reis<\/option><option value=\"marcus-p-soco\">Marcus P. Soco<\/option><option value=\"marina-alfaya\">Marina Alfaya<\/option><option value=\"organicidade\">OrganiCIDADE<\/option><option value=\"rai-cavalhier\">Rai Cavalhier<\/option><option value=\"raquel-bacelar\">Raquel Bacelar<\/option><option value=\"roberjan-magalhaes\">Roberjan Magalh\u00e3es<\/option><option value=\"thayna-cambara\">Thayn\u00e1 Cambar\u00e1<\/option><option value=\"ulisses-lima\">Ulisses Lima<\/option><option value=\"vinicius-souza\">Vin\u00edcius Souza<\/option>                <\/select><\/div><\/div><div id=\"6a05f3b2e9c22\" class=\"gg_gallery_wrap gg_true_gallery gg_masonry_gallery gid_2957 gg_hidden_ol gg_ol_bottom_mode gg_main_ol_show_on_h \" data-gg_ol=\"default\" data-col-num=\"4\" rel=\"2957\" data-nores-txt=\"No images found\">              <div class=\"gg_loader\">            <div class=\"ggl_1\"><\/div>            <div class=\"ggl_2\"><\/div>            <div class=\"ggl_3\"><\/div>            <div class=\"ggl_4\"><\/div>        <\/div>  <div class=\"gg_container\"><div class=\"gg_img \" data-gg-url=\"https:\/\/museuafrobrasileiro.com.br\/wp-content\/uploads\/2021\/05\/IMG_0510-Lauro-Cardoso-scaled.jpg\" data-gg-title=\"\" data-gg-author=\"Lauro Jos\u00e9 Cardoso - &lt;a href=&quot;https:\/\/www.instagram.com\/_fotosia\/&quot;&gt;@_fotosia&lt;\/a&gt; | Fot\u00f3grafo amador s\u00e3o-tomense, graduado em Humanidades e Hist\u00f3ria, mestrando em Arqueologia e Patrim\u00f4nio Cultural e mestrando em Antropologia.&lt;br\/&gt;\" data-gg-descr=\"\" data-gg-tags=\"lauro jos\u00e9 cardoso\" data-img-id=\"0\" rel=\"2957\">  <div class=\"gg_img_inner\"><div class=\"gg_main_img_wrap\"><div class=\"gg_img_wrap_inner\"><img decoding=\"async\" src=\"\" data-gg-lazy-src=\"\/\/museuafrobrasileiro.com.br\/wp-content\/uploads\/ewpt_cache\/390x0_90_1_c_FFFFFF_d0ce9397ee858013d3bcdd62e1e3a495.jpg\" alt=\"\" class=\"gg_photo gg_main_thumb\" \/><noscript><img decoding=\"async\" src=\"https:\/\/museuafrobrasileiro.com.br\/wp-content\/uploads\/2021\/05\/IMG_0510-Lauro-Cardoso-scaled.jpg\" alt=\"\" \/><\/noscript><\/div><\/div><div class=\"gg_overlays\"><\/div><\/div><\/div><div class=\"gg_img \" data-gg-url=\"https:\/\/museuafrobrasileiro.com.br\/wp-content\/uploads\/2021\/05\/IMG_0162-Lauro-Cardoso-scaled.jpg\" data-gg-title=\"\" data-gg-author=\"Lauro Jos\u00e9 Cardoso - &lt;a href=&quot;https:\/\/www.instagram.com\/_fotosia\/&quot;&gt;@_fotosia&lt;\/a&gt; | Fot\u00f3grafo amador s\u00e3o-tomense, graduado em Humanidades e Hist\u00f3ria, mestrando em Arqueologia e Patrim\u00f4nio Cultural e mestrando em Antropologia.&lt;br\/&gt;\" data-gg-descr=\"\" data-gg-tags=\"lauro jos\u00e9 cardoso\" data-img-id=\"1\" rel=\"2957\">  <div class=\"gg_img_inner\"><div class=\"gg_main_img_wrap\"><div class=\"gg_img_wrap_inner\"><img decoding=\"async\" src=\"\" data-gg-lazy-src=\"\/\/museuafrobrasileiro.com.br\/wp-content\/uploads\/ewpt_cache\/390x0_90_1_c_FFFFFF_3da5bba240aba8b7762d5fa26ec3bf14.jpg\" alt=\"\" class=\"gg_photo gg_main_thumb\" \/><noscript><img decoding=\"async\" src=\"https:\/\/museuafrobrasileiro.com.br\/wp-content\/uploads\/2021\/05\/IMG_0162-Lauro-Cardoso-scaled.jpg\" alt=\"\" \/><\/noscript><\/div><\/div><div class=\"gg_overlays\"><\/div><\/div><\/div><div class=\"gg_img \" data-gg-url=\"https:\/\/museuafrobrasileiro.com.br\/wp-content\/uploads\/2021\/05\/RAI-CAVALHIER-10-D-A-N-Territorio-de-Criacao-scaled.jpg\" data-gg-title=\"D A N - Territ\u00f3rio de Cria\u00e7\u00e3o\" data-gg-author=\"Rai Cavalhier -  &lt;a href=&quot;https:\/\/www.instagram.com\/raicavalhier\/&quot;&gt;@raicavalhier&lt;\/a&gt;  | Nascido em Alagoinhas \u2013 BA, Rai Cavalhier \u00e9 fot\u00f3grafo, artista e desenvolve projetos art\u00edsticos e pesquisas relacionadas \u00e0 identidade e seu cotidiano territorial, utilizando das imagens atrav\u00e9s de ensaios visuais e atuando no movimento negro como base da sua produ\u00e7\u00e3o. Participou das \u00faltimas edi\u00e7\u00f5es da Semana de Artes do Litoral Norte e Agreste da Bahia, foi um dos expositores da proje\u00e7\u00e3o fotogr\u00e1fica da revista OLD \u2013 FOTOGRAFIA e \u00e9 um dos coordenadores do Coletivo RACIONALIZAR, um grupo que discute temas do movimento negro em Alagoinhas. Al\u00e9m disso, Rai tamb\u00e9m \u00e9 coordenador do projeto \u201c\u201dEmpreende a\u00ea, preto\u201d\u201d, que tem como objetivo auxiliar afroempreendedores em potencial para alcan\u00e7arem p\u00fablicos diversos, colaborando para que os mesmos tenham acesso \u00e0 diversas ferramentas de marketing digital, propiciando o fortalecimento e uma ampla divulga\u00e7\u00e3o de seus neg\u00f3cios por meio da internet. Na regi\u00e3o, \u00e9 volunt\u00e1rio em projetos ambientais e sociais. Rai costuma utilizar o cen\u00e1rio natural de Alagoinhas, valorizando principalmente a zona rural e seus habitantes , registrando e criando imagens po\u00e9ticas. &lt;br\/&gt;\" data-gg-descr=\"\" data-gg-tags=\"rai cavalhier\" data-img-id=\"2\" rel=\"2957\">  <div class=\"gg_img_inner\"><div class=\"gg_main_img_wrap\"><div class=\"gg_img_wrap_inner\"><img decoding=\"async\" src=\"\" data-gg-lazy-src=\"\/\/museuafrobrasileiro.com.br\/wp-content\/uploads\/ewpt_cache\/390x0_90_1_c_FFFFFF_f692e40ff1b8b92e9b0f25b719d6cfbd.jpg\" alt=\"D A N - Territ\u00f3rio de Cria\u00e7\u00e3o\" class=\"gg_photo gg_main_thumb\" \/><noscript><img decoding=\"async\" src=\"https:\/\/museuafrobrasileiro.com.br\/wp-content\/uploads\/2021\/05\/RAI-CAVALHIER-10-D-A-N-Territorio-de-Criacao-scaled.jpg\" alt=\"D A N - Territ\u00f3rio de Cria\u00e7\u00e3o\" \/><\/noscript><\/div><\/div><div class=\"gg_overlays\"><\/div><\/div><\/div><div class=\"gg_img \" data-gg-url=\"https:\/\/museuafrobrasileiro.com.br\/wp-content\/uploads\/2021\/05\/RAI-CAVALHIER-8-D-A-N-Territorio-de-Criacao-scaled.jpg\" data-gg-title=\"D A N - Territ\u00f3rio de Cria\u00e7\u00e3o\" data-gg-author=\"Rai Cavalhier -  &lt;a href=&quot;https:\/\/www.instagram.com\/raicavalhier\/&quot;&gt;@raicavalhier&lt;\/a&gt;  | Nascido em Alagoinhas \u2013 BA, Rai Cavalhier \u00e9 fot\u00f3grafo, artista e desenvolve projetos art\u00edsticos e pesquisas relacionadas \u00e0 identidade e seu cotidiano territorial, utilizando das imagens atrav\u00e9s de ensaios visuais e atuando no movimento negro como base da sua produ\u00e7\u00e3o. Participou das \u00faltimas edi\u00e7\u00f5es da Semana de Artes do Litoral Norte e Agreste da Bahia, foi um dos expositores da proje\u00e7\u00e3o fotogr\u00e1fica da revista OLD \u2013 FOTOGRAFIA e \u00e9 um dos coordenadores do Coletivo RACIONALIZAR, um grupo que discute temas do movimento negro em Alagoinhas. Al\u00e9m disso, Rai tamb\u00e9m \u00e9 coordenador do projeto \u201c\u201dEmpreende a\u00ea, preto\u201d\u201d, que tem como objetivo auxiliar afroempreendedores em potencial para alcan\u00e7arem p\u00fablicos diversos, colaborando para que os mesmos tenham acesso \u00e0 diversas ferramentas de marketing digital, propiciando o fortalecimento e uma ampla divulga\u00e7\u00e3o de seus neg\u00f3cios por meio da internet. Na regi\u00e3o, \u00e9 volunt\u00e1rio em projetos ambientais e sociais. Rai costuma utilizar o cen\u00e1rio natural de Alagoinhas, valorizando principalmente a zona rural e seus habitantes , registrando e criando imagens po\u00e9ticas. &lt;br\/&gt;\" data-gg-descr=\"\" data-gg-tags=\"rai cavalhier\" data-img-id=\"3\" rel=\"2957\">  <div class=\"gg_img_inner\"><div class=\"gg_main_img_wrap\"><div class=\"gg_img_wrap_inner\"><img decoding=\"async\" src=\"\" data-gg-lazy-src=\"\/\/museuafrobrasileiro.com.br\/wp-content\/uploads\/ewpt_cache\/390x0_90_1_c_FFFFFF_1f251e23fc73700945e52240eaa10051.jpg\" alt=\"D A N - Territ\u00f3rio de Cria\u00e7\u00e3o\" class=\"gg_photo gg_main_thumb\" \/><noscript><img decoding=\"async\" src=\"https:\/\/museuafrobrasileiro.com.br\/wp-content\/uploads\/2021\/05\/RAI-CAVALHIER-8-D-A-N-Territorio-de-Criacao-scaled.jpg\" alt=\"D A N - Territ\u00f3rio de Cria\u00e7\u00e3o\" \/><\/noscript><\/div><\/div><div class=\"gg_overlays\"><\/div><\/div><\/div><div class=\"gg_img \" data-gg-url=\"https:\/\/museuafrobrasileiro.com.br\/wp-content\/uploads\/2021\/05\/RAI-CAVALHIER-5-D-A-N-Territorio-de-Criacao-scaled.jpg\" data-gg-title=\"D A N - Territ\u00f3rio de Cria\u00e7\u00e3o\" data-gg-author=\"Rai Cavalhier -  &lt;a href=&quot;https:\/\/www.instagram.com\/raicavalhier\/&quot;&gt;@raicavalhier&lt;\/a&gt;  | Nascido em Alagoinhas \u2013 BA, Rai Cavalhier \u00e9 fot\u00f3grafo, artista e desenvolve projetos art\u00edsticos e pesquisas relacionadas \u00e0 identidade e seu cotidiano territorial, utilizando das imagens atrav\u00e9s de ensaios visuais e atuando no movimento negro como base da sua produ\u00e7\u00e3o. Participou das \u00faltimas edi\u00e7\u00f5es da Semana de Artes do Litoral Norte e Agreste da Bahia, foi um dos expositores da proje\u00e7\u00e3o fotogr\u00e1fica da revista OLD \u2013 FOTOGRAFIA e \u00e9 um dos coordenadores do Coletivo RACIONALIZAR, um grupo que discute temas do movimento negro em Alagoinhas. Al\u00e9m disso, Rai tamb\u00e9m \u00e9 coordenador do projeto \u201c\u201dEmpreende a\u00ea, preto\u201d\u201d, que tem como objetivo auxiliar afroempreendedores em potencial para alcan\u00e7arem p\u00fablicos diversos, colaborando para que os mesmos tenham acesso \u00e0 diversas ferramentas de marketing digital, propiciando o fortalecimento e uma ampla divulga\u00e7\u00e3o de seus neg\u00f3cios por meio da internet. Na regi\u00e3o, \u00e9 volunt\u00e1rio em projetos ambientais e sociais. Rai costuma utilizar o cen\u00e1rio natural de Alagoinhas, valorizando principalmente a zona rural e seus habitantes , registrando e criando imagens po\u00e9ticas. &lt;br\/&gt;\" data-gg-descr=\"\" data-gg-tags=\"rai cavalhier\" data-img-id=\"4\" rel=\"2957\">  <div class=\"gg_img_inner\"><div class=\"gg_main_img_wrap\"><div class=\"gg_img_wrap_inner\"><img decoding=\"async\" src=\"\" data-gg-lazy-src=\"\/\/museuafrobrasileiro.com.br\/wp-content\/uploads\/ewpt_cache\/390x0_90_1_c_FFFFFF_84a934e4b3cc44bca79d1c747cf884c1.jpg\" alt=\"D A N - Territ\u00f3rio de Cria\u00e7\u00e3o\" class=\"gg_photo gg_main_thumb\" \/><noscript><img decoding=\"async\" src=\"https:\/\/museuafrobrasileiro.com.br\/wp-content\/uploads\/2021\/05\/RAI-CAVALHIER-5-D-A-N-Territorio-de-Criacao-scaled.jpg\" alt=\"D A N - Territ\u00f3rio de Cria\u00e7\u00e3o\" \/><\/noscript><\/div><\/div><div class=\"gg_overlays\"><\/div><\/div><\/div><div class=\"gg_img \" data-gg-url=\"https:\/\/museuafrobrasileiro.com.br\/wp-content\/uploads\/2021\/05\/RAI-CAVALHIER-4-D-A-N-Territorio-de-Criacao.jpg\" data-gg-title=\"D A N - Territ\u00f3rio de Cria\u00e7\u00e3o\" data-gg-author=\"Nascido em Alagoinhas \u2013 BA, Rai Cavalhier \u00e9 fot\u00f3grafo, artista e desenvolve projetos art\u00edsticos e pesquisas relacionadas \u00e0 identidade e seu cotidiano territorial, utilizando das imagens atrav\u00e9s de ensaios visuais e atuando no movimento negro como base da sua produ\u00e7\u00e3o. Participou das \u00faltimas edi\u00e7\u00f5es da Semana de Artes do Litoral Norte e Agreste da Bahia, foi um dos expositores da proje\u00e7\u00e3o fotogr\u00e1fica da revista OLD \u2013 FOTOGRAFIA e \u00e9 um dos coordenadores do Coletivo RACIONALIZAR, um grupo que discute temas do movimento negro em Alagoinhas. Al\u00e9m disso, Rai tamb\u00e9m \u00e9 coordenador do projeto \u201c\u201dEmpreende a\u00ea, preto\u201d\u201d, que tem como objetivo auxiliar afroempreendedores em potencial para alcan\u00e7arem p\u00fablicos diversos, colaborando para que os mesmos tenham acesso \u00e0 diversas ferramentas de marketing digital, propiciando o fortalecimento e uma ampla divulga\u00e7\u00e3o de seus neg\u00f3cios por meio da internet. Na regi\u00e3o, \u00e9 volunt\u00e1rio em projetos ambientais e sociais. Rai costuma utilizar o cen\u00e1rio natural de Alagoinhas, valorizando principalmente a zona rural e seus habitantes , registrando e criando imagens po\u00e9ticas. &lt;br\/&gt;&lt;a href=&quot;https:\/\/www.instagram.com\/raicavalhier\/&quot;&gt;Instagram&lt;\/a&gt;\" data-gg-descr=\"\" data-gg-tags=\"rai cavalhier\" data-img-id=\"5\" rel=\"2957\">  <div class=\"gg_img_inner\"><div class=\"gg_main_img_wrap\"><div class=\"gg_img_wrap_inner\"><img decoding=\"async\" src=\"\" data-gg-lazy-src=\"\/\/museuafrobrasileiro.com.br\/wp-content\/uploads\/ewpt_cache\/390x0_90_1_c_FFFFFF_490af86ea1329b7a27d6af0a70440ec3.jpg\" alt=\"D A N - Territ\u00f3rio de Cria\u00e7\u00e3o\" class=\"gg_photo gg_main_thumb\" \/><noscript><img decoding=\"async\" src=\"https:\/\/museuafrobrasileiro.com.br\/wp-content\/uploads\/2021\/05\/RAI-CAVALHIER-4-D-A-N-Territorio-de-Criacao.jpg\" alt=\"D A N - Territ\u00f3rio de Cria\u00e7\u00e3o\" \/><\/noscript><\/div><\/div><div class=\"gg_overlays\"><\/div><\/div><\/div><div class=\"gg_img \" data-gg-url=\"https:\/\/museuafrobrasileiro.com.br\/wp-content\/uploads\/2021\/05\/RAI-CAVALHIER-1-D-A-N-Territorio-de-Criacao-scaled.jpg\" data-gg-title=\"D A N - Territ\u00f3rio de Cria\u00e7\u00e3o\" data-gg-author=\"Nascido em Alagoinhas \u2013 BA, Rai Cavalhier \u00e9 fot\u00f3grafo, artista e desenvolve projetos art\u00edsticos e pesquisas relacionadas \u00e0 identidade e seu cotidiano territorial, utilizando das imagens atrav\u00e9s de ensaios visuais e atuando no movimento negro como base da sua produ\u00e7\u00e3o. Participou das \u00faltimas edi\u00e7\u00f5es da Semana de Artes do Litoral Norte e Agreste da Bahia, foi um dos expositores da proje\u00e7\u00e3o fotogr\u00e1fica da revista OLD \u2013 FOTOGRAFIA e \u00e9 um dos coordenadores do Coletivo RACIONALIZAR, um grupo que discute temas do movimento negro em Alagoinhas. Al\u00e9m disso, Rai tamb\u00e9m \u00e9 coordenador do projeto \u201c\u201dEmpreende a\u00ea, preto\u201d\u201d, que tem como objetivo auxiliar afroempreendedores em potencial para alcan\u00e7arem p\u00fablicos diversos, colaborando para que os mesmos tenham acesso \u00e0 diversas ferramentas de marketing digital, propiciando o fortalecimento e uma ampla divulga\u00e7\u00e3o de seus neg\u00f3cios por meio da internet. Na regi\u00e3o, \u00e9 volunt\u00e1rio em projetos ambientais e sociais. Rai costuma utilizar o cen\u00e1rio natural de Alagoinhas, valorizando principalmente a zona rural e seus habitantes , registrando e criando imagens po\u00e9ticas. &lt;br\/&gt;&lt;a href=&quot;https:\/\/www.instagram.com\/raicavalhier\/&quot;&gt;Instagram&lt;\/a&gt;\" data-gg-descr=\"\" data-gg-tags=\"rai cavalhier\" data-img-id=\"6\" rel=\"2957\">  <div class=\"gg_img_inner\"><div class=\"gg_main_img_wrap\"><div class=\"gg_img_wrap_inner\"><img decoding=\"async\" src=\"\" data-gg-lazy-src=\"\/\/museuafrobrasileiro.com.br\/wp-content\/uploads\/ewpt_cache\/390x0_90_1_c_FFFFFF_716d730a48a34e6fdfc243cd728b794e.jpg\" alt=\"D A N - Territ\u00f3rio de Cria\u00e7\u00e3o\" class=\"gg_photo gg_main_thumb\" \/><noscript><img decoding=\"async\" src=\"https:\/\/museuafrobrasileiro.com.br\/wp-content\/uploads\/2021\/05\/RAI-CAVALHIER-1-D-A-N-Territorio-de-Criacao-scaled.jpg\" alt=\"D A N - Territ\u00f3rio de Cria\u00e7\u00e3o\" \/><\/noscript><\/div><\/div><div class=\"gg_overlays\"><\/div><\/div><\/div><div class=\"gg_img \" data-gg-url=\"https:\/\/museuafrobrasileiro.com.br\/wp-content\/uploads\/2021\/05\/eres-2-scaled.jpeg\" data-gg-title=\"Er\u00eas\" data-gg-author=\"Bruna Emanuele - &lt;a href=&quot;https:\/\/www.instagram.com\/brrrrrrrrrrrruna\/&quot;&gt;@brrrrrrrrrrrruna&lt;\/a&gt; | Sou escritora, editora, artista visual e estou curadora; nessa barafunda de tantos e emaranhados fios, defino-me como encantad\u00eara. Graduada bacharel em Estudos de Edi\u00e7\u00e3o pela Faculdade de Letras da Universidade Federal de Minas Gerais (FALE-UFMG), atualmente curso mestrado em Artes na Escola de Belas Artes da mesma institui\u00e7\u00e3o (EBA-UFMG). Artista-pesquisadora, exploro atualmente em minha produ\u00e7\u00e3o visual e liter\u00e1ria, po\u00e9tica e de pesquisa, m\u00faltiplos encontros entre escrita, artes visuais, livros-objeto e devir-livros - sempre sob visadas contracoloniais. Investigo e fabulo, a partir de meu lugar colonialmente racializado e genderizado, por meio de variadas linguagens, formas de caber no mundo, guarda-chuva sob o qual abordo corporeidades, mem\u00f3ria pessoal e coletiva, territorialidades, narrativas contra-hegem\u00f4nicas, afetividades e di\u00e1spora afro-brasileira. Al\u00e9m disso, fomento e me espraio por pr\u00e1ticas coletivas em cria\u00e7\u00e3o, tendo composto os coletivos Claquete L\u00e9sbica (2018-2020), Revista MIOLO (2020-2021) e Narrativas Negras (2019-), entre outros.&lt;br\/&gt;\" data-gg-descr=\"\" data-gg-tags=\"bruna emanuele\" data-img-id=\"7\" rel=\"2957\">  <div class=\"gg_img_inner\"><div class=\"gg_main_img_wrap\"><div class=\"gg_img_wrap_inner\"><img decoding=\"async\" src=\"\" data-gg-lazy-src=\"\/\/museuafrobrasileiro.com.br\/wp-content\/uploads\/ewpt_cache\/390x0_90_1_c_FFFFFF_f33c61d145e9642733daa667f519c4bb.jpg\" alt=\"Er\u00eas\" class=\"gg_photo gg_main_thumb\" \/><noscript><img decoding=\"async\" src=\"https:\/\/museuafrobrasileiro.com.br\/wp-content\/uploads\/2021\/05\/eres-2-scaled.jpeg\" alt=\"Er\u00eas\" \/><\/noscript><\/div><\/div><div class=\"gg_overlays\"><\/div><\/div><\/div><\/div><div class=\"gg_paginate gg_pag_light\" gg-random=\"0\" data-gg-totpages=\"9\"><div class=\"gg_infinite_scroll gg_auto_inf_scroll\"><div class=\"gg_nav_left\"><\/div><div class=\"gg_nav_mid\"><span>show more<\/span><\/div><div class=\"gg_nav_right\"><\/div><\/div><\/div><div style=\"clear: both;\"><\/div><\/div><script type=\"text\/javascript\"> (function($) {             \"use strict\";                          if(typeof(gg_pag_vars) == \"undefined\") {                window.gg_pag_vars = {};            }            gg_pag_vars[\"6a05f3b2e9c22\"] = {                per_page: 8,                pagination_sys: \"auto_inf_scroll\",                watermark : 0,                random_trail : \"false\",                wp_gall_hash: \"\"            };        })(jQuery);<\/script><script type=\"text\/javascript\">     (function($) {         \"use strict\";              $(document).ready(function($) {             if(typeof(gg_galleries_init) == \"function\") {                gg_galleries_init(\"6a05f3b2e9c22\");             }        });    })(jQuery);<\/script>[\/vc_column][\/vc_row]<\/p>\n","protected":false},"excerpt":{"rendered":"<p>[vc_row disable_element=&#8221;yes&#8221; motts_theme_padding=&#8221;no&#8221;][vc_column][ts_hero_slider hero_slider=&#8221;1942&#8243;][\/vc_column][\/vc_row][vc_row motts_theme_padding=&#8221;no&#8221;][vc_column][\/vc_column][\/vc_row][vc_row full_width=&#8221;stretch_row_content&#8221; anchor_wrap_section=&#8221;no&#8221; use_container=&#8221;yes&#8221; use_predefined_class=&#8221;yes&#8221; el_id=&#8221;2afrotografia&#8221;][vc_column][vc_empty_space height=&#8221;72px&#8221;][ts_section_title animate_block=&#8221;yes&#8221; animation_type=&#8221;fadeIn&#8221; tagline=&#8221;EXPOSI\u00c7\u00c3O EM CARTAZ&#8221; title=&#8221;#AFROTOGRAFIA&#8221; background_title=&#8221;AFRO&#8221;][\/vc_column][\/vc_row]<\/p>\n","protected":false},"author":1,"featured_media":0,"parent":0,"menu_order":0,"comment_status":"closed","ping_status":"closed","template":"page-builder.php","meta":{"footnotes":""},"class_list":["post-2506","page","type-page","status-publish","format-standard","hentry"],"_links":{"self":[{"href":"https:\/\/museuafrobrasileiro.com.br\/index.php\/wp-json\/wp\/v2\/pages\/2506","targetHints":{"allow":["GET"]}}],"collection":[{"href":"https:\/\/museuafrobrasileiro.com.br\/index.php\/wp-json\/wp\/v2\/pages"}],"about":[{"href":"https:\/\/museuafrobrasileiro.com.br\/index.php\/wp-json\/wp\/v2\/types\/page"}],"author":[{"embeddable":true,"href":"https:\/\/museuafrobrasileiro.com.br\/index.php\/wp-json\/wp\/v2\/users\/1"}],"replies":[{"embeddable":true,"href":"https:\/\/museuafrobrasileiro.com.br\/index.php\/wp-json\/wp\/v2\/comments?post=2506"}],"version-history":[{"count":16,"href":"https:\/\/museuafrobrasileiro.com.br\/index.php\/wp-json\/wp\/v2\/pages\/2506\/revisions"}],"predecessor-version":[{"id":2969,"href":"https:\/\/museuafrobrasileiro.com.br\/index.php\/wp-json\/wp\/v2\/pages\/2506\/revisions\/2969"}],"wp:attachment":[{"href":"https:\/\/museuafrobrasileiro.com.br\/index.php\/wp-json\/wp\/v2\/media?parent=2506"}],"curies":[{"name":"wp","href":"https:\/\/api.w.org\/{rel}","templated":true}]}}