{"id":3284,"date":"2024-11-18T15:51:43","date_gmt":"2024-11-18T18:51:43","guid":{"rendered":"https:\/\/museuafrobrasileiro.com.br\/?page_id=3284"},"modified":"2025-01-10T17:25:29","modified_gmt":"2025-01-10T20:25:29","slug":"estacionamento","status":"publish","type":"page","link":"https:\/\/museuafrobrasileiro.com.br\/index.php\/estacionamento\/","title":{"rendered":"Estacionamento"},"content":{"rendered":"\n<p>Informamos que o Museu Nacional da Cultura Afro-Brasileira (MUNCAB) n\u00e3o disp\u00f5e de estacionamento pr\u00f3prio.<\/p>\n\n\n\n<p>Para sua conveni\u00eancia, recomendamos:<\/p>\n\n\n\n<ul class=\"wp-block-list\">\n<li>Utilizar os estacionamentos p\u00fablicos ou privados localizados nas proximidades (existem muitas op\u00e7\u00f5es nas proximidades);<\/li>\n\n\n\n<li>Aproveitar as op\u00e7\u00f5es de transporte p\u00fablico e\/ou aplicativo de transporte;<\/li>\n\n\n\n<li>Verificar a disponibilidade de vagas na Zona Azul da regi\u00e3o.<\/li>\n<\/ul>\n\n\n\n<p>Agradecemos pela compreens\u00e3o e estamos \u00e0 disposi\u00e7\u00e3o para quaisquer d\u00favidas. Ser\u00e1 um prazer receber sua visita!<\/p>\n","protected":false},"excerpt":{"rendered":"<p>Informamos que o Museu Nacional da Cultura Afro-Brasileira (MUNCAB) n\u00e3o disp\u00f5e de estacionamento pr\u00f3prio. Para sua conveni\u00eancia, recomendamos: Agradecemos pela compreens\u00e3o e estamos \u00e0 disposi\u00e7\u00e3o para quaisquer d\u00favidas. Ser\u00e1 um prazer receber sua visita!<\/p>\n","protected":false},"author":1,"featured_media":0,"parent":0,"menu_order":0,"comment_status":"closed","ping_status":"closed","template":"","meta":{"footnotes":""},"class_list":["post-3284","page","type-page","status-publish","format-standard","hentry"],"_links":{"self":[{"href":"https:\/\/museuafrobrasileiro.com.br\/index.php\/wp-json\/wp\/v2\/pages\/3284","targetHints":{"allow":["GET"]}}],"collection":[{"href":"https:\/\/museuafrobrasileiro.com.br\/index.php\/wp-json\/wp\/v2\/pages"}],"about":[{"href":"https:\/\/museuafrobrasileiro.com.br\/index.php\/wp-json\/wp\/v2\/types\/page"}],"author":[{"embeddable":true,"href":"https:\/\/museuafrobrasileiro.com.br\/index.php\/wp-json\/wp\/v2\/users\/1"}],"replies":[{"embeddable":true,"href":"https:\/\/museuafrobrasileiro.com.br\/index.php\/wp-json\/wp\/v2\/comments?post=3284"}],"version-history":[{"count":3,"href":"https:\/\/museuafrobrasileiro.com.br\/index.php\/wp-json\/wp\/v2\/pages\/3284\/revisions"}],"predecessor-version":[{"id":3344,"href":"https:\/\/museuafrobrasileiro.com.br\/index.php\/wp-json\/wp\/v2\/pages\/3284\/revisions\/3344"}],"wp:attachment":[{"href":"https:\/\/museuafrobrasileiro.com.br\/index.php\/wp-json\/wp\/v2\/media?parent=3284"}],"curies":[{"name":"wp","href":"https:\/\/api.w.org\/{rel}","templated":true}]}}