{"id":3370,"date":"2025-01-24T14:03:37","date_gmt":"2025-01-24T17:03:37","guid":{"rendered":"https:\/\/museuafrobrasileiro.com.br\/?page_id=3370"},"modified":"2025-01-30T14:40:44","modified_gmt":"2025-01-30T17:40:44","slug":"trabalhe-conosco","status":"publish","type":"page","link":"https:\/\/museuafrobrasileiro.com.br\/index.php\/trabalhe-conosco\/","title":{"rendered":"Trabalhe Conosco"},"content":{"rendered":"\n<p><strong>TRABALHE CONOSCO<\/strong><br><br>Fa\u00e7a parte da nossa hist\u00f3ria e contribua para a preserva\u00e7\u00e3o e valoriza\u00e7\u00e3o da cultura afro-brasileira! No Museu Nacional da Cultura Afro-Brasileira (MUNCAB), acreditamos no poder transformador das pessoas e no impacto que cada colaborador pode ter em nossa miss\u00e3o de promover a igualdade racial, respeitar a diversidade cultural e preservar o patrim\u00f4nio imaterial. No MUNCAB voc\u00ea encontrar\u00e1 diversas oportunidades para fazer parte desse movimento. Se candidate as diversas oportunidades de trabalhar e colaborar conosco abaixo:<\/p>\n\n\n\n<h3 class=\"wp-block-heading\"><strong><br><a href=\"https:\/\/museuafrobrasileiro.com.br\/index.php\/vagas\/\" data-type=\"page\" data-id=\"3390\">Contrata\u00e7\u00e3o (clique aqui)<\/a><\/strong><\/h3>\n\n\n\n<h3 class=\"wp-block-heading\"><strong><a href=\"https:\/\/museuafrobrasileiro.com.br\/index.php\/programa-de-estagio-do-museu-nacional-da-cultura-afro-brasileira\/\" data-type=\"page\" data-id=\"3401\">Programa de Est\u00e1gio (clique aqui)<\/a><\/strong><\/h3>\n\n\n\n<h3 class=\"wp-block-heading\"><strong><a href=\"https:\/\/museuafrobrasileiro.com.br\/index.php\/cadastramento-de-prestadores-de-servicos\/\" data-type=\"page\" data-id=\"3385\">Cadastro de Prestadores de Servi\u00e7os (clique aqui)<\/a><\/strong><\/h3>\n\n\n\n<p><strong><a href=\"https:\/\/museuafrobrasileiro.com.br\/index.php\/programa-de-voluntariado-do-museu-nacional-da-cultura-afro-brasileira\/\" data-type=\"page\" data-id=\"3397\">Programa de Voluntariado (em breve)<\/a><\/strong><\/p>\n\n\n\n<p><strong>COMUNICADO OFICIAL<\/strong><\/p>\n\n\n\n<p>O <strong>Museu Nacional da Cultura Afro-Brasileira (MUNCAB)<\/strong> informa que identificamos uma tentativa de invas\u00e3o ao nosso sistema. Como medida de seguran\u00e7a, o servidor respons\u00e1vel bloqueou temporariamente os formul\u00e1rios de cadastro de curr\u00edculos, impactando o processo seletivo para <strong>vagas de est\u00e1gio, contrata\u00e7\u00f5es e cadastro de prestadores de servi\u00e7o<\/strong>.<\/p>\n\n\n\n<p>J\u00e1 estamos em contato com o servidor e tomando todas as provid\u00eancias necess\u00e1rias para resolver a situa\u00e7\u00e3o o mais r\u00e1pido poss\u00edvel. Al\u00e9m disso, estamos ampliando as medidas de seguran\u00e7a para garantir a integridade do sistema e a continuidade do processo seletivo com total prote\u00e7\u00e3o aos dados.<\/p>\n\n\n\n<p>Assim que tudo estiver normalizado, informaremos imediatamente. Pedimos desculpas pelos transtornos e agradecemos a compreens\u00e3o de todas e todos.<\/p>\n\n\n\n<p>Atenciosamente,<br><strong>Museu Nacional da Cultura Afro-Brasileira (MUNCAB)<\/strong><\/p>\n\n\n\n<p><\/p>\n\n\n\n<hr class=\"wp-block-separator has-alpha-channel-opacity\"\/>\n\n\n\n<p><\/p>\n\n\n\n<h3 class=\"wp-block-heading\"><strong>Por que colaborar com o MUNCAB?<\/strong><\/h3>\n\n\n\n<ul class=\"wp-block-list\">\n<li>Fa\u00e7a parte de um museu que \u00e9 refer\u00eancia na valoriza\u00e7\u00e3o da cultura afro-brasileira.<\/li>\n\n\n\n<li>Ambiente de trabalho diverso, inclusivo e inspirador.<\/li>\n\n\n\n<li>Oportunidades de aprendizado e crescimento profissional.<\/li>\n\n\n\n<li>Contribua para a preserva\u00e7\u00e3o e promo\u00e7\u00e3o das artes visuais afro-brasileiras.<br><\/li>\n<\/ul>\n\n\n\n<hr class=\"wp-block-separator has-alpha-channel-opacity\"\/>\n\n\n\n<h2 class=\"wp-block-heading\">Perfil do Candidato desejado pelo Muncab<\/h2>\n\n\n\n<p><\/p>\n\n\n\n<ul class=\"wp-block-list\">\n<li><strong>Compromisso com a Diversidade e Inclus\u00e3o<\/strong>\n<ul class=\"wp-block-list\">\n<li>Respeito e valoriza\u00e7\u00e3o das diferen\u00e7as culturais, \u00e9tnicas, de g\u00eanero, geracionais e sociais.<\/li>\n\n\n\n<li>Proatividade em contribuir para um ambiente de trabalho inclusivo e equitativo.<\/li>\n\n\n\n<li>Sensibilidade e engajamento com quest\u00f5es relacionadas \u00e0 racialidade e aos direitos das popula\u00e7\u00f5es negras e LGBTQIAPN+.<\/li>\n<\/ul>\n<\/li>\n<\/ul>\n\n\n\n<p><\/p>\n\n\n\n<ul class=\"wp-block-list\">\n<li><strong>Engajamento com a Miss\u00e3o e Vis\u00e3o do MUNCAB<\/strong>\n<ul class=\"wp-block-list\">\n<li>Identifica\u00e7\u00e3o com os objetivos de promo\u00e7\u00e3o da igualdade racial e preserva\u00e7\u00e3o da cultura afro-brasileira e afrodiasp\u00f3rica.<\/li>\n\n\n\n<li>Interesse em atuar no fortalecimento da mem\u00f3ria, identidade e express\u00f5es culturais da comunidade negra.<\/li>\n<\/ul>\n<\/li>\n<\/ul>\n\n\n\n<p><\/p>\n\n\n\n<ul class=\"wp-block-list\">\n<li><strong>Responsabilidade Social e Comunit\u00e1ria<\/strong>\n<ul class=\"wp-block-list\">\n<li>Experi\u00eancia ou disposi\u00e7\u00e3o para trabalhar no terceiro setor e colaborar em projetos com impacto social positivo, especialmente nas \u00e1reas de cultura, educa\u00e7\u00e3o e direitos humanos.<\/li>\n\n\n\n<li>Sensibilidade para trabalhar com p\u00fablicos diversos, incluindo comunidades em situa\u00e7\u00e3o de vulnerabilidade social.<\/li>\n<\/ul>\n<\/li>\n<\/ul>\n\n\n\n<p><\/p>\n\n\n\n<ul class=\"wp-block-list\">\n<li><strong>Abertura para Aprendizagem e Desenvolvimento<\/strong>\n<ul class=\"wp-block-list\">\n<li>Desejo de aprender sobre hist\u00f3ria, cultura e pr\u00e1ticas culturais afro-brasileiras e afrodiasp\u00f3ricas.<\/li>\n\n\n\n<li>Flexibilidade e capacidade de adapta\u00e7\u00e3o em um ambiente que promove o crescimento cont\u00ednuo.<\/li>\n<\/ul>\n<\/li>\n<\/ul>\n\n\n\n<p><\/p>\n\n\n\n<ul class=\"wp-block-list\">\n<li><strong>Capacidade de Trabalho em Equipe e Colabora\u00e7\u00e3o<\/strong>\n<ul class=\"wp-block-list\">\n<li>Habilidade para trabalhar de forma cooperativa e em equipes diversas.<\/li>\n\n\n\n<li>Comunica\u00e7\u00e3o emp\u00e1tica e postura receptiva ao di\u00e1logo e \u00e0 constru\u00e7\u00e3o coletiva.<\/li>\n<\/ul>\n<\/li>\n<\/ul>\n\n\n\n<p><\/p>\n\n\n\n<ul class=\"wp-block-list\">\n<li><strong>\u00c9tica e Respeito<\/strong>\n<ul class=\"wp-block-list\">\n<li>Postura \u00e9tica, com respeito pelas normas institucionais e compromisso com a transpar\u00eancia.<\/li>\n\n\n\n<li>Disposi\u00e7\u00e3o para construir rela\u00e7\u00f5es de trabalho baseadas na confian\u00e7a e no respeito m\u00fatuo.<\/li>\n<\/ul>\n<\/li>\n<\/ul>\n\n\n\n<p><\/p>\n\n\n\n<ul class=\"wp-block-list\">\n<li><strong>Engajamento Criativo e Inovador<\/strong>\n<ul class=\"wp-block-list\">\n<li>Interesse em contribuir com ideias e solu\u00e7\u00f5es criativas para projetos culturais e institucionais.<\/li>\n\n\n\n<li>Disposi\u00e7\u00e3o para promover a\u00e7\u00f5es inovadoras que fortale\u00e7am a presen\u00e7a do MUNCAB como refer\u00eancia cultural.<\/li>\n<\/ul>\n<\/li>\n<\/ul>\n\n\n\n<p><\/p>\n\n\n\n<ul class=\"wp-block-list\">\n<li><strong>Experi\u00eancia e\/ou Interesse em Atividades Culturais<\/strong><br>Viv\u00eancia ou interesse em museus, artes, educa\u00e7\u00e3o cultural ou gest\u00e3o de acervos.<br>Compromisso em preservar e divulgar a hist\u00f3ria e cultura afro-brasileira.<\/li>\n<\/ul>\n\n\n\n<hr class=\"wp-block-separator has-alpha-channel-opacity\"\/>\n\n\n\n<p><\/p>\n\n\n\n<p><a href=\"https:\/\/museuafrobrasileiro.com.br\/index.php\/politica-de-tratamento-de-dados-pessoais-dos-candidatos\/\" data-type=\"page\" data-id=\"3393\"><strong>Pol\u00edtica de Tratamento de Dados dos Candidatos <\/strong><\/a><\/p>\n\n\n\n<p>Junte-se a n\u00f3s e ajude a construir um futuro mais igualit\u00e1rio, plural e rico em cultura!<\/p>\n\n\n\n<h4 class=\"wp-block-heading\"><br><\/h4>\n","protected":false},"excerpt":{"rendered":"<p>TRABALHE CONOSCO Fa\u00e7a parte da nossa hist\u00f3ria e contribua para a preserva\u00e7\u00e3o e valoriza\u00e7\u00e3o da cultura afro-brasileira! No Museu Nacional da Cultura Afro-Brasileira (MUNCAB), acreditamos no poder transformador das pessoas e no impacto que cada colaborador pode ter em nossa miss\u00e3o de promover a igualdade racial, respeitar a diversidade cultural e preservar o patrim\u00f4nio imaterial. [&hellip;]<\/p>\n","protected":false},"author":1,"featured_media":0,"parent":0,"menu_order":0,"comment_status":"closed","ping_status":"closed","template":"","meta":{"footnotes":""},"class_list":["post-3370","page","type-page","status-publish","format-standard","hentry"],"_links":{"self":[{"href":"https:\/\/museuafrobrasileiro.com.br\/index.php\/wp-json\/wp\/v2\/pages\/3370","targetHints":{"allow":["GET"]}}],"collection":[{"href":"https:\/\/museuafrobrasileiro.com.br\/index.php\/wp-json\/wp\/v2\/pages"}],"about":[{"href":"https:\/\/museuafrobrasileiro.com.br\/index.php\/wp-json\/wp\/v2\/types\/page"}],"author":[{"embeddable":true,"href":"https:\/\/museuafrobrasileiro.com.br\/index.php\/wp-json\/wp\/v2\/users\/1"}],"replies":[{"embeddable":true,"href":"https:\/\/museuafrobrasileiro.com.br\/index.php\/wp-json\/wp\/v2\/comments?post=3370"}],"version-history":[{"count":11,"href":"https:\/\/museuafrobrasileiro.com.br\/index.php\/wp-json\/wp\/v2\/pages\/3370\/revisions"}],"predecessor-version":[{"id":3441,"href":"https:\/\/museuafrobrasileiro.com.br\/index.php\/wp-json\/wp\/v2\/pages\/3370\/revisions\/3441"}],"wp:attachment":[{"href":"https:\/\/museuafrobrasileiro.com.br\/index.php\/wp-json\/wp\/v2\/media?parent=3370"}],"curies":[{"name":"wp","href":"https:\/\/api.w.org\/{rel}","templated":true}]}}