{"id":3443,"date":"2025-02-04T15:17:13","date_gmt":"2025-02-04T18:17:13","guid":{"rendered":"https:\/\/museuafrobrasileiro.com.br\/?page_id=3443"},"modified":"2025-02-04T15:47:14","modified_gmt":"2025-02-04T18:47:14","slug":"loja","status":"publish","type":"page","link":"https:\/\/museuafrobrasileiro.com.br\/index.php\/loja\/","title":{"rendered":"LOJA"},"content":{"rendered":"\n<p><strong>LOJA ODOY\u00c1<\/strong><br><strong>Mais que uma loja, um movimento!<\/strong><\/p>\n\n\n\n<p>A <strong>Odoy\u00e1<\/strong>, loja colaborativa conceito do Museu Nacional da Cultura Afro-Brasileira (MUNCAB), nasce para fortalecer a sustentabilidade do museu e promover a pot\u00eancia criativa negra. Unindo <strong>economia solid\u00e1ria, coopera\u00e7\u00e3o e empreendedorismo social<\/strong>, a loja \u00e9 um espa\u00e7o de valoriza\u00e7\u00e3o e circula\u00e7\u00e3o da cultura afro-brasileira e afrodiasp\u00f3rica.<\/p>\n\n\n\n<p>Cada obra carrega uma hist\u00f3ria, um legado e uma identidade. Com curadoria de <strong>Jamile Coelho, Jil Soares e Wesley Lemos<\/strong>, a Odoy\u00e1 oferece uma sele\u00e7\u00e3o exclusiva de obras de arte, design, moda, acess\u00f3rios e souvenirs, conectando visitantes \u00e0 riqueza e diversidade da produ\u00e7\u00e3o art\u00edstica negra.<\/p>\n\n\n\n<p>Nosso prop\u00f3sito? <strong>Tornar a arte negra acess\u00edvel e inspirar novas cole\u00e7\u00f5es!<\/strong> Com produtos a pre\u00e7os convidativos, queremos incentivar o p\u00fablico a dar os primeiros passos no universo do colecionismo de arte negra, democratizando o acesso e impulsionando talentos.<\/p>\n\n\n\n<p>A cada exposi\u00e7\u00e3o do MUNCAB, novas cole\u00e7\u00f5es exclusivas chegam \u00e0s prateleiras, criando uma ponte entre o acervo, os artistas e o p\u00fablico. <strong>Mais que objetos, vendemos narrativas vivas de identidade, resist\u00eancia e ancestralidade.<\/strong><\/p>\n\n\n\n<p>Com projeto de designer de interiores assinado pelo <strong>Est\u00fadio W+<\/strong> (Wesley Lemos e Lainy Lemos) e a arquiteta <strong>Alessandra Cohen<\/strong> em colabora\u00e7\u00e3o com o arquiteto <strong>Vini Brand\u00e3o<\/strong>, a loja conceito foi concebida para ser um ambiente afetuoso e inspirador. Contamos com o apoio da <strong>Loja Luminata<\/strong> (ilumina\u00e7\u00e3o), <strong>Galp\u00e3o 5<\/strong> (m\u00f3veis) e a <strong>Secretaria do Trabalho Emprego, Renda e Esporte<\/strong>.<\/p>\n\n\n\n<p>A <strong>Odoy\u00e1<\/strong> \u00e9 um convite para <strong>colecionar obras de arte, apoiar artistas negros e levar consigo um peda\u00e7o da cultura afro-brasileira.<\/strong> Ao adquirir um produto, voc\u00ea fortalece comunidades, impulsiona a criatividade negra e reafirma o compromisso do MUNCAB com a resist\u00eancia, a inova\u00e7\u00e3o e o futuro.<\/p>\n","protected":false},"excerpt":{"rendered":"<p>LOJA ODOY\u00c1Mais que uma loja, um movimento! A Odoy\u00e1, loja colaborativa conceito do Museu Nacional da Cultura Afro-Brasileira (MUNCAB), nasce para fortalecer a sustentabilidade do museu e promover a pot\u00eancia criativa negra. Unindo economia solid\u00e1ria, coopera\u00e7\u00e3o e empreendedorismo social, a loja \u00e9 um espa\u00e7o de valoriza\u00e7\u00e3o e circula\u00e7\u00e3o da cultura afro-brasileira e afrodiasp\u00f3rica. Cada obra [&hellip;]<\/p>\n","protected":false},"author":1,"featured_media":0,"parent":0,"menu_order":0,"comment_status":"closed","ping_status":"closed","template":"","meta":{"footnotes":""},"class_list":["post-3443","page","type-page","status-publish","format-standard","hentry"],"_links":{"self":[{"href":"https:\/\/museuafrobrasileiro.com.br\/index.php\/wp-json\/wp\/v2\/pages\/3443","targetHints":{"allow":["GET"]}}],"collection":[{"href":"https:\/\/museuafrobrasileiro.com.br\/index.php\/wp-json\/wp\/v2\/pages"}],"about":[{"href":"https:\/\/museuafrobrasileiro.com.br\/index.php\/wp-json\/wp\/v2\/types\/page"}],"author":[{"embeddable":true,"href":"https:\/\/museuafrobrasileiro.com.br\/index.php\/wp-json\/wp\/v2\/users\/1"}],"replies":[{"embeddable":true,"href":"https:\/\/museuafrobrasileiro.com.br\/index.php\/wp-json\/wp\/v2\/comments?post=3443"}],"version-history":[{"count":2,"href":"https:\/\/museuafrobrasileiro.com.br\/index.php\/wp-json\/wp\/v2\/pages\/3443\/revisions"}],"predecessor-version":[{"id":3446,"href":"https:\/\/museuafrobrasileiro.com.br\/index.php\/wp-json\/wp\/v2\/pages\/3443\/revisions\/3446"}],"wp:attachment":[{"href":"https:\/\/museuafrobrasileiro.com.br\/index.php\/wp-json\/wp\/v2\/media?parent=3443"}],"curies":[{"name":"wp","href":"https:\/\/api.w.org\/{rel}","templated":true}]}}